{"id":10,"date":"2020-03-27T03:04:55","date_gmt":"2020-03-27T03:04:55","guid":{"rendered":"https:\/\/www.loftocean.com\/demo-data\/tinysalt\/?page_id=10"},"modified":"2024-09-07T11:36:03","modified_gmt":"2024-09-07T09:36:03","slug":"contact-me","status":"publish","type":"page","link":"https:\/\/www.aupaysdespiments.com\/en\/contact-me\/","title":{"rendered":"Contact"},"content":{"rendered":"<div id=\"aupay-3102188283\" class=\"aupay-last-paragraph-blog aupay-entity-placement\"><script async src=\"\/\/pagead2.googlesyndication.com\/pagead\/js\/adsbygoogle.js?client=ca-pub-4895771430947602\" crossorigin=\"anonymous\"><\/script><ins class=\"adsbygoogle\" style=\"display:block; text-align:center;\" data-ad-client=\"ca-pub-4895771430947602\" \ndata-ad-slot=\"3844729553\" \ndata-ad-layout=\"in-article\"\ndata-ad-format=\"fluid\" data-full-width-responsive=\"true\"><\/ins>\n<script> \n(adsbygoogle = window.adsbygoogle || []).push({}); \n<\/script>\n<\/div><p class=\"has-drop-cap\">N&rsquo;h\u00e9site pas \u00e0 m&rsquo;\u00e9crire si tu as des questions \u00e0 propos du blog, de mon travail, ou des possibilit\u00e9s de mise en avant. Tu peux, m&rsquo;envoyer un message par email\u00a0\u00e0\u00a0:<br><strong>contact@aupaysdespiments.com <\/strong><br><br>Ou alors, compl\u00e9ter le formulaire ci-dessous. <br>Tu peux aussi me retrouver sur Instagram ou Facebook\u00a0!<\/p>\n\n\n\n<p><strong>Pour les questions sur les recettes, le plus simple est encore de laisser un commentaire directement sous la recette, j&rsquo;y r\u00e9pondrai au plus vite. <\/strong><\/p>\n\n\n\n<div class=\"wpcf7 no-js\" id=\"wpcf7-f9600-o1\" lang=\"fr-FR\" dir=\"ltr\" data-wpcf7-id=\"9600\">\n<div class=\"screen-reader-response\"><p role=\"status\" aria-live=\"polite\" aria-atomic=\"true\"><\/p> <ul><\/ul><\/div>\n<form action=\"\/en\/wp-json\/wp\/v2\/pages\/10#wpcf7-f9600-o1\" method=\"post\" class=\"wpcf7-form init\" aria-label=\"Formulaire de contact\" novalidate=\"novalidate\" data-status=\"init\" data-trp-original-action=\"\/en\/wp-json\/wp\/v2\/pages\/10#wpcf7-f9600-o1\">\n<fieldset class=\"hidden-fields-container\"><input type=\"hidden\" name=\"_wpcf7\" value=\"9600\" \/><input type=\"hidden\" name=\"_wpcf7_version\" value=\"6.1.5\" \/><input type=\"hidden\" name=\"_wpcf7_locale\" value=\"fr_FR\" \/><input type=\"hidden\" name=\"_wpcf7_unit_tag\" value=\"wpcf7-f9600-o1\" \/><input type=\"hidden\" name=\"_wpcf7_container_post\" value=\"0\" \/><input type=\"hidden\" name=\"_wpcf7_posted_data_hash\" value=\"\" \/>\n<\/fieldset>\n<p><label> Nom<br \/>\n<span class=\"wpcf7-form-control-wrap\" data-name=\"your-name\"><input size=\"40\" maxlength=\"400\" class=\"wpcf7-form-control wpcf7-text wpcf7-validates-as-required\" autocomplete=\"name\" aria-required=\"true\" aria-invalid=\"false\" value=\"\" type=\"text\" name=\"your-name\" \/><\/span> <\/label>\n<\/p>\n<p><label> e-mail<br \/>\n<span class=\"wpcf7-form-control-wrap\" data-name=\"your-email\"><input size=\"40\" maxlength=\"400\" class=\"wpcf7-form-control wpcf7-email wpcf7-validates-as-required wpcf7-text wpcf7-validates-as-email\" autocomplete=\"email\" aria-required=\"true\" aria-invalid=\"false\" value=\"\" type=\"email\" name=\"your-email\" \/><\/span> <\/label>\n<\/p>\n<p><label> Sujet<br \/>\n<span class=\"wpcf7-form-control-wrap\" data-name=\"your-subject\"><input size=\"40\" maxlength=\"400\" class=\"wpcf7-form-control wpcf7-text wpcf7-validates-as-required\" aria-required=\"true\" aria-invalid=\"false\" value=\"\" type=\"text\" name=\"your-subject\" \/><\/span> <\/label>\n<\/p>\n<p><label> Message<br \/>\n<span class=\"wpcf7-form-control-wrap\" data-name=\"your-message\"><textarea cols=\"40\" rows=\"10\" maxlength=\"2000\" class=\"wpcf7-form-control wpcf7-textarea\" aria-invalid=\"false\" name=\"your-message\"><\/textarea><\/span> <\/label>\n<\/p>\n<p><input class=\"wpcf7-form-control wpcf7-submit has-spinner\" type=\"submit\" value=\"Envoyer\" \/>\n<\/p><p style=\"display: none !important;\" class=\"akismet-fields-container\" data-prefix=\"_wpcf7_ak_\"><label>&#916;<textarea name=\"_wpcf7_ak_hp_textarea\" cols=\"45\" rows=\"8\" maxlength=\"100\"><\/textarea><\/label><input type=\"hidden\" id=\"ak_js_1\" name=\"_wpcf7_ak_js\" value=\"176\"\/><script data-jetpack-boost=\"ignore\">document.getElementById( \"ak_js_1\" ).setAttribute( \"value\", ( new Date() ).getTime() );<\/script><\/p><div class=\"wpcf7-response-output\" aria-hidden=\"true\"><\/div>\n<input type=\"hidden\" name=\"trp-form-language\" value=\"en\"\/><\/form>\n<\/div>","protected":false},"excerpt":{"rendered":"<p>N&rsquo;h\u00e9site pas \u00e0 m&rsquo;\u00e9crire si tu as des questions \u00e0 propos du blog, de mon travail, ou des possibilit\u00e9s de mise en avant. Tu peux, m&rsquo;envoyer un message par email\u00a0\u00e0\u00a0:contact@aupaysdespiments.com Ou alors, compl\u00e9ter le formulaire ci-dessous. Tu peux aussi me retrouver sur Instagram ou Facebook\u00a0! Pour les questions sur les recettes, le plus simple est &#8230;<\/p>","protected":false},"author":1,"featured_media":448,"parent":0,"menu_order":0,"comment_status":"closed","ping_status":"closed","template":"template-4.php","meta":{"wprm-recipe-roundup-name":"","wprm-recipe-roundup-description":"","loftocean_post_format_gallery":"","loftocean_post_format_gallery_ids":"","loftocean_post_format_gallery_urls":"","loftocean_post_format_video_id":0,"loftocean_post_format_video_url":"","loftocean_post_format_video_type":"","loftocean_post_format_video":"","loftocean_post_format_audio_type":"","loftocean_post_format_audio_url":"","loftocean_post_format_audio_id":0,"loftocean_post_format_audio":"","loftocean-featured-post":"","loftocean-like-count":0,"loftocean-view-count":0,"footnotes":""},"class_list":["post-10","page","type-page","status-publish","has-post-thumbnail","hentry"],"yoast_head":"<!-- This site is optimized with the Yoast SEO plugin v27.4 - https:\/\/yoast.com\/product\/yoast-seo-wordpress\/ -->\n<title>Contact - Au pays des Piments<\/title>\n<meta name=\"robots\" content=\"index, follow, max-snippet:-1, max-image-preview:large, max-video-preview:-1\" \/>\n<link rel=\"canonical\" href=\"https:\/\/www.aupaysdespiments.com\/en\/contact-me\/\" \/>\n<meta property=\"og:locale\" content=\"en_US\" \/>\n<meta property=\"og:type\" content=\"article\" \/>\n<meta property=\"og:title\" content=\"Contact - Au pays des Piments\" \/>\n<meta property=\"og:description\" content=\"N&rsquo;h\u00e9site pas \u00e0 m&rsquo;\u00e9crire si tu as des questions \u00e0 propos du blog, de mon travail, ou des possibilit\u00e9s de mise en avant. Tu peux, m&rsquo;envoyer un message par email\u00a0\u00e0\u00a0:contact@aupaysdespiments.com Ou alors, compl\u00e9ter le formulaire ci-dessous. Tu peux aussi me retrouver sur Instagram ou Facebook\u00a0! Pour les questions sur les recettes, le plus simple est ...\" \/>\n<meta property=\"og:url\" content=\"https:\/\/www.aupaysdespiments.com\/en\/contact-me\/\" \/>\n<meta property=\"og:site_name\" content=\"Au pays des Piments\" \/>\n<meta property=\"article:publisher\" content=\"https:\/\/www.facebook.com\/aupaysdespiments\" \/>\n<meta property=\"article:modified_time\" content=\"2024-09-07T09:36:03+00:00\" \/>\n<meta property=\"og:image\" content=\"https:\/\/www.aupaysdespiments.com\/wp-content\/uploads\/2013\/06\/citronnelle.jpg\" \/>\n\t<meta property=\"og:image:width\" content=\"800\" \/>\n\t<meta property=\"og:image:height\" content=\"600\" \/>\n\t<meta property=\"og:image:type\" content=\"image\/jpeg\" \/>\n<meta name=\"twitter:label1\" content=\"Est. reading time\" \/>\n\t<meta name=\"twitter:data1\" content=\"1 minute\" \/>\n<script type=\"application\/ld+json\" class=\"yoast-schema-graph\">{\"@context\":\"https:\\\/\\\/schema.org\",\"@graph\":[{\"@type\":\"WebPage\",\"@id\":\"https:\\\/\\\/www.aupaysdespiments.com\\\/contact-me\\\/\",\"url\":\"https:\\\/\\\/www.aupaysdespiments.com\\\/contact-me\\\/\",\"name\":\"Contact - Au pays des Piments\",\"isPartOf\":{\"@id\":\"https:\\\/\\\/www.aupaysdespiments.com\\\/#website\"},\"primaryImageOfPage\":{\"@id\":\"https:\\\/\\\/www.aupaysdespiments.com\\\/contact-me\\\/#primaryimage\"},\"image\":{\"@id\":\"https:\\\/\\\/www.aupaysdespiments.com\\\/contact-me\\\/#primaryimage\"},\"thumbnailUrl\":\"https:\\\/\\\/www.aupaysdespiments.com\\\/wp-content\\\/uploads\\\/2013\\\/06\\\/citronnelle.jpg\",\"datePublished\":\"2020-03-27T03:04:55+00:00\",\"dateModified\":\"2024-09-07T09:36:03+00:00\",\"inLanguage\":\"en-US\",\"potentialAction\":[{\"@type\":\"ReadAction\",\"target\":[\"https:\\\/\\\/www.aupaysdespiments.com\\\/contact-me\\\/\"]}]},{\"@type\":\"ImageObject\",\"inLanguage\":\"en-US\",\"@id\":\"https:\\\/\\\/www.aupaysdespiments.com\\\/contact-me\\\/#primaryimage\",\"url\":\"https:\\\/\\\/www.aupaysdespiments.com\\\/wp-content\\\/uploads\\\/2013\\\/06\\\/citronnelle.jpg\",\"contentUrl\":\"https:\\\/\\\/www.aupaysdespiments.com\\\/wp-content\\\/uploads\\\/2013\\\/06\\\/citronnelle.jpg\",\"width\":800,\"height\":600,\"caption\":\"b\u00e2tons de citronnelle\"},{\"@type\":\"WebSite\",\"@id\":\"https:\\\/\\\/www.aupaysdespiments.com\\\/#website\",\"url\":\"https:\\\/\\\/www.aupaysdespiments.com\\\/\",\"name\":\"Au pays des Piments\",\"description\":\"Blog de recettes de cuisine tha\u00efe et ma vie d&#039;expat en Asie\",\"publisher\":{\"@id\":\"https:\\\/\\\/www.aupaysdespiments.com\\\/#organization\"},\"potentialAction\":[{\"@type\":\"SearchAction\",\"target\":{\"@type\":\"EntryPoint\",\"urlTemplate\":\"https:\\\/\\\/www.aupaysdespiments.com\\\/?s={search_term_string}\"},\"query-input\":{\"@type\":\"PropertyValueSpecification\",\"valueRequired\":true,\"valueName\":\"search_term_string\"}}],\"inLanguage\":\"en-US\"},{\"@type\":\"Organization\",\"@id\":\"https:\\\/\\\/www.aupaysdespiments.com\\\/#organization\",\"name\":\"Au Pays des Piments\",\"url\":\"https:\\\/\\\/www.aupaysdespiments.com\\\/\",\"logo\":{\"@type\":\"ImageObject\",\"inLanguage\":\"en-US\",\"@id\":\"https:\\\/\\\/www.aupaysdespiments.com\\\/#\\\/schema\\\/logo\\\/image\\\/\",\"url\":\"https:\\\/\\\/www.aupaysdespiments.com\\\/wp-content\\\/uploads\\\/2021\\\/02\\\/cropped-logoyoutube2-4.png\",\"contentUrl\":\"https:\\\/\\\/www.aupaysdespiments.com\\\/wp-content\\\/uploads\\\/2021\\\/02\\\/cropped-logoyoutube2-4.png\",\"width\":586,\"height\":322,\"caption\":\"Au Pays des Piments\"},\"image\":{\"@id\":\"https:\\\/\\\/www.aupaysdespiments.com\\\/#\\\/schema\\\/logo\\\/image\\\/\"},\"sameAs\":[\"https:\\\/\\\/www.facebook.com\\\/aupaysdespiments\",\"https:\\\/\\\/www.instagram.com\\\/kris.aupaysdespiments\\\/\",\"https:\\\/\\\/pin.it\\\/6oQKy32\",\"https:\\\/\\\/www.youtube.com\\\/channel\\\/UCbwu30tsjoAo67UYXtCT6EA\"]}]}<\/script>\n<!-- \/ Yoast SEO plugin. -->","yoast_head_json":{"title":"Contact - Au pays des Piments","robots":{"index":"index","follow":"follow","max-snippet":"max-snippet:-1","max-image-preview":"max-image-preview:large","max-video-preview":"max-video-preview:-1"},"canonical":"https:\/\/www.aupaysdespiments.com\/en\/contact-me\/","og_locale":"en_US","og_type":"article","og_title":"Contact - Au pays des Piments","og_description":"N&rsquo;h\u00e9site pas \u00e0 m&rsquo;\u00e9crire si tu as des questions \u00e0 propos du blog, de mon travail, ou des possibilit\u00e9s de mise en avant. Tu peux, m&rsquo;envoyer un message par email\u00a0\u00e0\u00a0:contact@aupaysdespiments.com Ou alors, compl\u00e9ter le formulaire ci-dessous. Tu peux aussi me retrouver sur Instagram ou Facebook\u00a0! Pour les questions sur les recettes, le plus simple est ...","og_url":"https:\/\/www.aupaysdespiments.com\/en\/contact-me\/","og_site_name":"Au pays des Piments","article_publisher":"https:\/\/www.facebook.com\/aupaysdespiments","article_modified_time":"2024-09-07T09:36:03+00:00","og_image":[{"width":800,"height":600,"url":"https:\/\/www.aupaysdespiments.com\/wp-content\/uploads\/2013\/06\/citronnelle.jpg","type":"image\/jpeg"}],"twitter_misc":{"Est. reading time":"1 minute"},"schema":{"@context":"https:\/\/schema.org","@graph":[{"@type":"WebPage","@id":"https:\/\/www.aupaysdespiments.com\/contact-me\/","url":"https:\/\/www.aupaysdespiments.com\/contact-me\/","name":"Contact - Au pays des Piments","isPartOf":{"@id":"https:\/\/www.aupaysdespiments.com\/#website"},"primaryImageOfPage":{"@id":"https:\/\/www.aupaysdespiments.com\/contact-me\/#primaryimage"},"image":{"@id":"https:\/\/www.aupaysdespiments.com\/contact-me\/#primaryimage"},"thumbnailUrl":"https:\/\/www.aupaysdespiments.com\/wp-content\/uploads\/2013\/06\/citronnelle.jpg","datePublished":"2020-03-27T03:04:55+00:00","dateModified":"2024-09-07T09:36:03+00:00","inLanguage":"en-US","potentialAction":[{"@type":"ReadAction","target":["https:\/\/www.aupaysdespiments.com\/contact-me\/"]}]},{"@type":"ImageObject","inLanguage":"en-US","@id":"https:\/\/www.aupaysdespiments.com\/contact-me\/#primaryimage","url":"https:\/\/www.aupaysdespiments.com\/wp-content\/uploads\/2013\/06\/citronnelle.jpg","contentUrl":"https:\/\/www.aupaysdespiments.com\/wp-content\/uploads\/2013\/06\/citronnelle.jpg","width":800,"height":600,"caption":"b\u00e2tons de citronnelle"},{"@type":"WebSite","@id":"https:\/\/www.aupaysdespiments.com\/#website","url":"https:\/\/www.aupaysdespiments.com\/","name":"Au pays des Piments","description":"Thai Food Recipe Blog and my Expat Life in Asia","publisher":{"@id":"https:\/\/www.aupaysdespiments.com\/#organization"},"potentialAction":[{"@type":"SearchAction","target":{"@type":"EntryPoint","urlTemplate":"https:\/\/www.aupaysdespiments.com\/?s={search_term_string}"},"query-input":{"@type":"PropertyValueSpecification","valueRequired":true,"valueName":"search_term_string"}}],"inLanguage":"en-US"},{"@type":"Organization","@id":"https:\/\/www.aupaysdespiments.com\/#organization","name":"Au Pays des Piments","url":"https:\/\/www.aupaysdespiments.com\/","logo":{"@type":"ImageObject","inLanguage":"en-US","@id":"https:\/\/www.aupaysdespiments.com\/#\/schema\/logo\/image\/","url":"https:\/\/www.aupaysdespiments.com\/wp-content\/uploads\/2021\/02\/cropped-logoyoutube2-4.png","contentUrl":"https:\/\/www.aupaysdespiments.com\/wp-content\/uploads\/2021\/02\/cropped-logoyoutube2-4.png","width":586,"height":322,"caption":"Au Pays des Piments"},"image":{"@id":"https:\/\/www.aupaysdespiments.com\/#\/schema\/logo\/image\/"},"sameAs":["https:\/\/www.facebook.com\/aupaysdespiments","https:\/\/www.instagram.com\/kris.aupaysdespiments\/","https:\/\/pin.it\/6oQKy32","https:\/\/www.youtube.com\/channel\/UCbwu30tsjoAo67UYXtCT6EA"]}]}},"_links":{"self":[{"href":"https:\/\/www.aupaysdespiments.com\/en\/wp-json\/wp\/v2\/pages\/10","targetHints":{"allow":["GET"]}}],"collection":[{"href":"https:\/\/www.aupaysdespiments.com\/en\/wp-json\/wp\/v2\/pages"}],"about":[{"href":"https:\/\/www.aupaysdespiments.com\/en\/wp-json\/wp\/v2\/types\/page"}],"author":[{"embeddable":true,"href":"https:\/\/www.aupaysdespiments.com\/en\/wp-json\/wp\/v2\/users\/1"}],"replies":[{"embeddable":true,"href":"https:\/\/www.aupaysdespiments.com\/en\/wp-json\/wp\/v2\/comments?post=10"}],"version-history":[{"count":4,"href":"https:\/\/www.aupaysdespiments.com\/en\/wp-json\/wp\/v2\/pages\/10\/revisions"}],"predecessor-version":[{"id":9602,"href":"https:\/\/www.aupaysdespiments.com\/en\/wp-json\/wp\/v2\/pages\/10\/revisions\/9602"}],"wp:featuredmedia":[{"embeddable":true,"href":"https:\/\/www.aupaysdespiments.com\/en\/wp-json\/wp\/v2\/media\/448"}],"wp:attachment":[{"href":"https:\/\/www.aupaysdespiments.com\/en\/wp-json\/wp\/v2\/media?parent=10"}],"curies":[{"name":"wp","href":"https:\/\/api.w.org\/{rel}","templated":true}]}}