{"id":5,"date":"2013-05-31T13:23:59","date_gmt":"2013-05-31T13:23:59","guid":{"rendered":"http:\/\/krisaupaysdespiments.wordpress.com\/?page_id=1"},"modified":"2021-02-15T14:43:50","modified_gmt":"2021-02-15T14:43:50","slug":"presentation","status":"publish","type":"page","link":"https:\/\/www.aupaysdespiments.com\/en\/presentation\/","title":{"rendered":"About"},"content":{"rendered":"<div class=\"wp-block-columns is-layout-flex wp-container-core-columns-is-layout-9d6595d7 wp-block-columns-is-layout-flex\">\n<div class=\"wp-block-column is-layout-flow wp-block-column-is-layout-flow\" style=\"flex-basis:100%\">\n<p class=\"has-vivid-cyan-blue-color has-text-color has-medium-font-size\"><em>Bienvenue au Pays des Piments,<\/em><\/p>\n\n\n\n<p class=\"has-black-color has-text-color has-medium-font-size\"><br>Apr\u00e8s avoir explor\u00e9 les fonds sous-marins de l&rsquo;Asie du Sud-Est, je me suis pos\u00e9e sous le soleil de Tha\u00eflande o\u00f9 je vis depuis pr\u00e8s de 10 ans.<br>La vie y est int\u00e9ressante, surprenante, haute en couleurs, tout comme la nourriture.\u00a0Par ce blog, je souhaite te faire d\u00e9couvrir une autre culture, d&rsquo;autres go\u00fbts, d&rsquo;autres gens.\u00a0<\/p>\n<\/div>\n<\/div>\n\n\n\n<div class=\"wp-block-media-text alignwide is-stacked-on-mobile\" style=\"grid-template-columns:40% auto\"><figure class=\"wp-block-media-text__media\"><img decoding=\"async\" width=\"600\" height=\"450\" src=\"http:\/\/www.aupaysdespiments.com\/wp-content\/uploads\/2013\/06\/kris1.jpg\" alt=\"\" class=\"wp-image-78 size-full\" srcset=\"https:\/\/www.aupaysdespiments.com\/wp-content\/uploads\/2013\/06\/kris1.jpg 600w, https:\/\/www.aupaysdespiments.com\/wp-content\/uploads\/2013\/06\/kris1-300x225.jpg 300w, https:\/\/www.aupaysdespiments.com\/wp-content\/uploads\/2013\/06\/kris1-500x375.jpg 500w, https:\/\/www.aupaysdespiments.com\/wp-content\/uploads\/2013\/06\/kris1-550x413.jpg 550w, https:\/\/www.aupaysdespiments.com\/wp-content\/uploads\/2013\/06\/kris1-370x278.jpg 370w, https:\/\/www.aupaysdespiments.com\/wp-content\/uploads\/2013\/06\/kris1-255x191.jpg 255w\" sizes=\"(max-width: 600px) 100vw, 600px\" \/><\/figure><div class=\"wp-block-media-text__content\">\n<p class=\"has-medium-font-size\">J&rsquo;ai eu la chance de vivre sur une petite \u00eele paradisiaque et d&rsquo;y travailler durant plusieurs ann\u00e9es avant de m&rsquo;installer avec Nan en bord de mer, sur le continent, tout au sud du pays, pas loin de la fronti\u00e8re malaise. Nous y avons une maison toute simple avec un chouette jardin rempli de bonnes choses \u00e0 cuisiner. <\/p>\n<\/div><\/div>\n\n\n\n<p class=\"has-medium-font-size\">Je partage avec toi depuis un certain nombre d&rsquo;ann\u00e9es des recettes test\u00e9es et approuv\u00e9es par Nan (qui a tr\u00e8s bon go\u00fbts \ud83d\ude09 et il s&rsquo;est \u00e0 pr\u00e9sent joint \u00e0 moi pour partager des vid\u00e9os culinaires de nos plats pr\u00e9f\u00e9r\u00e9s.  Nous esp\u00e9rons qu&rsquo;elles te feront rire et qu&rsquo;elles te permettront de pr\u00e9parer de bons petits plats. <\/p>\n\n\n\n<div id=\"aupay-1994713730\" class=\"aupay-last-paragraph-blog aupay-entity-placement\"><script async src=\"\/\/pagead2.googlesyndication.com\/pagead\/js\/adsbygoogle.js?client=ca-pub-4895771430947602\" crossorigin=\"anonymous\"><\/script><ins class=\"adsbygoogle\" style=\"display:block; text-align:center;\" data-ad-client=\"ca-pub-4895771430947602\" \ndata-ad-slot=\"3844729553\" \ndata-ad-layout=\"in-article\"\ndata-ad-format=\"fluid\" data-full-width-responsive=\"true\"><\/ins>\n<script> \n(adsbygoogle = window.adsbygoogle || []).push({}); \n<\/script>\n<\/div><p class=\"has-medium-font-size\">Nous ne sommes pas toujours tr\u00e8s pr\u00e9sents en ligne mais nous somme ravis de recevoir des petits messages, de lire tes commentaires ou r\u00e9pondre \u00e0 tes questions. <\/p>\n\n\n\n\n\n\n\n<div class=\"wp-block-media-text alignwide has-media-on-the-right is-stacked-on-mobile has-background\" style=\"background:linear-gradient(142deg,rgb(160,209,208) 0%,rgb(239,233,225) 100%);grid-template-columns:auto 41%\"><figure class=\"wp-block-media-text__media\"><img decoding=\"async\" width=\"600\" height=\"454\" src=\"http:\/\/www.aupaysdespiments.com\/wp-content\/uploads\/2013\/05\/ile.jpg\" alt=\"\" class=\"wp-image-147 size-full\" srcset=\"https:\/\/www.aupaysdespiments.com\/wp-content\/uploads\/2013\/05\/ile.jpg 600w, https:\/\/www.aupaysdespiments.com\/wp-content\/uploads\/2013\/05\/ile-300x227.jpg 300w, https:\/\/www.aupaysdespiments.com\/wp-content\/uploads\/2013\/05\/ile-550x416.jpg 550w, https:\/\/www.aupaysdespiments.com\/wp-content\/uploads\/2013\/05\/ile-370x280.jpg 370w, https:\/\/www.aupaysdespiments.com\/wp-content\/uploads\/2013\/05\/ile-255x193.jpg 255w\" sizes=\"(max-width: 600px) 100vw, 600px\" \/><\/figure><div class=\"wp-block-media-text__content\">\n<p class=\"has-normal-font-size\"><em>Les recettes propos\u00e9es sur ce site sont des recettes simples. Je vis dans une petite ville, sans magasin de produits europ\u00e9ens. Les produits laitiers comme le beurre et le fromage sont rares et parfois m\u00eame inexistants. Le boeuf, c&rsquo;est coriace, m\u00eame si on le marine bien. Le porc a une odeur tr\u00e8s forte et un peu repoussante.<br>Le poisson&#8230; j&rsquo;en mange peu, par principe. Reste : le poulet &#8230; \ud83d\ude09<br>Les repas se pr\u00e9parent avec les aliments de base et les l\u00e9gumes frais du march\u00e9.&nbsp;Donc je t&rsquo;avertis, je fais avec ce que je trouve ! L&rsquo;avantage pour toi, c&rsquo;est que ce sont des recettes pas ch\u00e8res et avec peu d&rsquo;ingr\u00e9dients !&nbsp;<\/em><\/p>\n<\/div><\/div>\n\n\n\n\n\n\n\n\n\n\n\n<p class=\"has-vivid-cyan-blue-color has-text-color\" style=\"font-size:19px\">Les recettes qui figurent sur mon blog sont gratuites mais ne sont pas libres de droit. <br><strong>Les photos et les textes sont propri\u00e9t\u00e9 de \u00a9aupaysdespiments et ne peuvent pas \u00eatre utilis\u00e9s sans accord.&nbsp;<\/strong><\/p><div id=\"aupay-2992375688\" class=\"aupay-insert-post aupay-entity-placement\" style=\"margin-top: 6px;margin-bottom: 6px;\"><script async src=\"\/\/pagead2.googlesyndication.com\/pagead\/js\/adsbygoogle.js?client=ca-pub-4895771430947602\" crossorigin=\"anonymous\"><\/script><ins class=\"adsbygoogle\" style=\"display:block; text-align:center;\" data-ad-client=\"ca-pub-4895771430947602\" \ndata-ad-slot=\"8266270428\" \ndata-ad-layout=\"in-article\"\ndata-ad-format=\"fluid\" data-full-width-responsive=\"true\"><\/ins>\n<script> \n(adsbygoogle = window.adsbygoogle || []).push({}); \n<\/script>\n<\/div>","protected":false},"excerpt":{"rendered":"<p>Bienvenue au Pays des Piments, Apr\u00e8s avoir explor\u00e9 les fonds sous-marins de l&rsquo;Asie du Sud-Est, je me suis pos\u00e9e sous le soleil de Tha\u00eflande o\u00f9 je vis depuis pr\u00e8s de 10 ans.La vie y est int\u00e9ressante, surprenante, haute en couleurs, tout comme la nourriture.\u00a0Par ce blog, je souhaite te faire d\u00e9couvrir une autre culture, d&rsquo;autres &#8230;<\/p>","protected":false},"author":1,"featured_media":0,"parent":0,"menu_order":0,"comment_status":"open","ping_status":"open","template":"","meta":{"wprm-recipe-roundup-name":"","wprm-recipe-roundup-description":"","loftocean_post_format_gallery":"","loftocean_post_format_gallery_ids":"","loftocean_post_format_gallery_urls":"","loftocean_post_format_video_id":0,"loftocean_post_format_video_url":"","loftocean_post_format_video_type":"","loftocean_post_format_video":"","loftocean_post_format_audio_type":"","loftocean_post_format_audio_url":"","loftocean_post_format_audio_id":0,"loftocean_post_format_audio":"","loftocean-featured-post":"","loftocean-like-count":0,"loftocean-view-count":0,"footnotes":""},"class_list":["post-5","page","type-page","status-publish","hentry"],"yoast_head":"<!-- This site is optimized with the Yoast SEO plugin v27.4 - https:\/\/yoast.com\/product\/yoast-seo-wordpress\/ -->\n<title>Pr\u00e9sentation - Au pays des Piments<\/title>\n<meta name=\"description\" content=\"Au pays des piments : blog de Kris, expat suisse qui vit en Tha\u00eflande. Pr\u00e9sentation du blog de recettes thai et histoires de la vie piment\u00e9e dans ce pays.\" \/>\n<meta name=\"robots\" content=\"index, follow, max-snippet:-1, max-image-preview:large, max-video-preview:-1\" \/>\n<link rel=\"canonical\" href=\"https:\/\/www.aupaysdespiments.com\/en\/presentation\/\" \/>\n<meta property=\"og:locale\" content=\"en_US\" \/>\n<meta property=\"og:type\" content=\"article\" \/>\n<meta property=\"og:title\" content=\"Pr\u00e9sentation - Au pays des Piments\" \/>\n<meta property=\"og:description\" content=\"Au pays des piments : blog de Kris, expat suisse qui vit en Tha\u00eflande. Pr\u00e9sentation du blog de recettes thai et histoires de la vie piment\u00e9e dans ce pays.\" \/>\n<meta property=\"og:url\" content=\"https:\/\/www.aupaysdespiments.com\/en\/presentation\/\" \/>\n<meta property=\"og:site_name\" content=\"Au pays des Piments\" \/>\n<meta property=\"article:publisher\" content=\"https:\/\/www.facebook.com\/aupaysdespiments\" \/>\n<meta property=\"article:modified_time\" content=\"2021-02-15T14:43:50+00:00\" \/>\n<meta property=\"og:image\" content=\"http:\/\/www.aupaysdespiments.com\/wp-content\/uploads\/2013\/06\/kris1.jpg\" \/>\n<meta name=\"twitter:label1\" content=\"Est. reading time\" \/>\n\t<meta name=\"twitter:data1\" content=\"2 minutes\" \/>\n<script type=\"application\/ld+json\" class=\"yoast-schema-graph\">{\"@context\":\"https:\\\/\\\/schema.org\",\"@graph\":[{\"@type\":\"WebPage\",\"@id\":\"https:\\\/\\\/www.aupaysdespiments.com\\\/presentation\\\/\",\"url\":\"https:\\\/\\\/www.aupaysdespiments.com\\\/presentation\\\/\",\"name\":\"Pr\u00e9sentation - Au pays des Piments\",\"isPartOf\":{\"@id\":\"https:\\\/\\\/www.aupaysdespiments.com\\\/#website\"},\"primaryImageOfPage\":{\"@id\":\"https:\\\/\\\/www.aupaysdespiments.com\\\/presentation\\\/#primaryimage\"},\"image\":{\"@id\":\"https:\\\/\\\/www.aupaysdespiments.com\\\/presentation\\\/#primaryimage\"},\"thumbnailUrl\":\"http:\\\/\\\/www.aupaysdespiments.com\\\/wp-content\\\/uploads\\\/2013\\\/06\\\/kris1.jpg\",\"datePublished\":\"2013-05-31T13:23:59+00:00\",\"dateModified\":\"2021-02-15T14:43:50+00:00\",\"description\":\"Au pays des piments : blog de Kris, expat suisse qui vit en Tha\u00eflande. Pr\u00e9sentation du blog de recettes thai et histoires de la vie piment\u00e9e dans ce pays.\",\"inLanguage\":\"en-US\",\"potentialAction\":[{\"@type\":\"ReadAction\",\"target\":[\"https:\\\/\\\/www.aupaysdespiments.com\\\/presentation\\\/\"]}]},{\"@type\":\"ImageObject\",\"inLanguage\":\"en-US\",\"@id\":\"https:\\\/\\\/www.aupaysdespiments.com\\\/presentation\\\/#primaryimage\",\"url\":\"http:\\\/\\\/www.aupaysdespiments.com\\\/wp-content\\\/uploads\\\/2013\\\/06\\\/kris1.jpg\",\"contentUrl\":\"http:\\\/\\\/www.aupaysdespiments.com\\\/wp-content\\\/uploads\\\/2013\\\/06\\\/kris1.jpg\"},{\"@type\":\"WebSite\",\"@id\":\"https:\\\/\\\/www.aupaysdespiments.com\\\/#website\",\"url\":\"https:\\\/\\\/www.aupaysdespiments.com\\\/\",\"name\":\"Au pays des Piments\",\"description\":\"Blog de recettes de cuisine tha\u00efe et ma vie d&#039;expat en Asie\",\"publisher\":{\"@id\":\"https:\\\/\\\/www.aupaysdespiments.com\\\/#organization\"},\"potentialAction\":[{\"@type\":\"SearchAction\",\"target\":{\"@type\":\"EntryPoint\",\"urlTemplate\":\"https:\\\/\\\/www.aupaysdespiments.com\\\/?s={search_term_string}\"},\"query-input\":{\"@type\":\"PropertyValueSpecification\",\"valueRequired\":true,\"valueName\":\"search_term_string\"}}],\"inLanguage\":\"en-US\"},{\"@type\":\"Organization\",\"@id\":\"https:\\\/\\\/www.aupaysdespiments.com\\\/#organization\",\"name\":\"Au Pays des Piments\",\"url\":\"https:\\\/\\\/www.aupaysdespiments.com\\\/\",\"logo\":{\"@type\":\"ImageObject\",\"inLanguage\":\"en-US\",\"@id\":\"https:\\\/\\\/www.aupaysdespiments.com\\\/#\\\/schema\\\/logo\\\/image\\\/\",\"url\":\"https:\\\/\\\/www.aupaysdespiments.com\\\/wp-content\\\/uploads\\\/2021\\\/02\\\/cropped-logoyoutube2-4.png\",\"contentUrl\":\"https:\\\/\\\/www.aupaysdespiments.com\\\/wp-content\\\/uploads\\\/2021\\\/02\\\/cropped-logoyoutube2-4.png\",\"width\":586,\"height\":322,\"caption\":\"Au Pays des Piments\"},\"image\":{\"@id\":\"https:\\\/\\\/www.aupaysdespiments.com\\\/#\\\/schema\\\/logo\\\/image\\\/\"},\"sameAs\":[\"https:\\\/\\\/www.facebook.com\\\/aupaysdespiments\",\"https:\\\/\\\/www.instagram.com\\\/kris.aupaysdespiments\\\/\",\"https:\\\/\\\/pin.it\\\/6oQKy32\",\"https:\\\/\\\/www.youtube.com\\\/channel\\\/UCbwu30tsjoAo67UYXtCT6EA\"]}]}<\/script>\n<!-- \/ Yoast SEO plugin. -->","yoast_head_json":{"title":"Pr\u00e9sentation - Au pays des Piments","description":"Au pays des piments : blog de Kris, expat suisse qui vit en Tha\u00eflande. Pr\u00e9sentation du blog de recettes thai et histoires de la vie piment\u00e9e dans ce pays.","robots":{"index":"index","follow":"follow","max-snippet":"max-snippet:-1","max-image-preview":"max-image-preview:large","max-video-preview":"max-video-preview:-1"},"canonical":"https:\/\/www.aupaysdespiments.com\/en\/presentation\/","og_locale":"en_US","og_type":"article","og_title":"Pr\u00e9sentation - Au pays des Piments","og_description":"Au pays des piments : blog de Kris, expat suisse qui vit en Tha\u00eflande. Pr\u00e9sentation du blog de recettes thai et histoires de la vie piment\u00e9e dans ce pays.","og_url":"https:\/\/www.aupaysdespiments.com\/en\/presentation\/","og_site_name":"Au pays des Piments","article_publisher":"https:\/\/www.facebook.com\/aupaysdespiments","article_modified_time":"2021-02-15T14:43:50+00:00","og_image":[{"url":"http:\/\/www.aupaysdespiments.com\/wp-content\/uploads\/2013\/06\/kris1.jpg","type":"","width":"","height":""}],"twitter_misc":{"Est. reading time":"2 minutes"},"schema":{"@context":"https:\/\/schema.org","@graph":[{"@type":"WebPage","@id":"https:\/\/www.aupaysdespiments.com\/presentation\/","url":"https:\/\/www.aupaysdespiments.com\/presentation\/","name":"Pr\u00e9sentation - Au pays des Piments","isPartOf":{"@id":"https:\/\/www.aupaysdespiments.com\/#website"},"primaryImageOfPage":{"@id":"https:\/\/www.aupaysdespiments.com\/presentation\/#primaryimage"},"image":{"@id":"https:\/\/www.aupaysdespiments.com\/presentation\/#primaryimage"},"thumbnailUrl":"http:\/\/www.aupaysdespiments.com\/wp-content\/uploads\/2013\/06\/kris1.jpg","datePublished":"2013-05-31T13:23:59+00:00","dateModified":"2021-02-15T14:43:50+00:00","description":"Au pays des piments : blog de Kris, expat suisse qui vit en Tha\u00eflande. Pr\u00e9sentation du blog de recettes thai et histoires de la vie piment\u00e9e dans ce pays.","inLanguage":"en-US","potentialAction":[{"@type":"ReadAction","target":["https:\/\/www.aupaysdespiments.com\/presentation\/"]}]},{"@type":"ImageObject","inLanguage":"en-US","@id":"https:\/\/www.aupaysdespiments.com\/presentation\/#primaryimage","url":"http:\/\/www.aupaysdespiments.com\/wp-content\/uploads\/2013\/06\/kris1.jpg","contentUrl":"http:\/\/www.aupaysdespiments.com\/wp-content\/uploads\/2013\/06\/kris1.jpg"},{"@type":"WebSite","@id":"https:\/\/www.aupaysdespiments.com\/#website","url":"https:\/\/www.aupaysdespiments.com\/","name":"Au pays des Piments","description":"Thai Food Recipe Blog and my Expat Life in Asia","publisher":{"@id":"https:\/\/www.aupaysdespiments.com\/#organization"},"potentialAction":[{"@type":"SearchAction","target":{"@type":"EntryPoint","urlTemplate":"https:\/\/www.aupaysdespiments.com\/?s={search_term_string}"},"query-input":{"@type":"PropertyValueSpecification","valueRequired":true,"valueName":"search_term_string"}}],"inLanguage":"en-US"},{"@type":"Organization","@id":"https:\/\/www.aupaysdespiments.com\/#organization","name":"Au Pays des Piments","url":"https:\/\/www.aupaysdespiments.com\/","logo":{"@type":"ImageObject","inLanguage":"en-US","@id":"https:\/\/www.aupaysdespiments.com\/#\/schema\/logo\/image\/","url":"https:\/\/www.aupaysdespiments.com\/wp-content\/uploads\/2021\/02\/cropped-logoyoutube2-4.png","contentUrl":"https:\/\/www.aupaysdespiments.com\/wp-content\/uploads\/2021\/02\/cropped-logoyoutube2-4.png","width":586,"height":322,"caption":"Au Pays des Piments"},"image":{"@id":"https:\/\/www.aupaysdespiments.com\/#\/schema\/logo\/image\/"},"sameAs":["https:\/\/www.facebook.com\/aupaysdespiments","https:\/\/www.instagram.com\/kris.aupaysdespiments\/","https:\/\/pin.it\/6oQKy32","https:\/\/www.youtube.com\/channel\/UCbwu30tsjoAo67UYXtCT6EA"]}]}},"_links":{"self":[{"href":"https:\/\/www.aupaysdespiments.com\/en\/wp-json\/wp\/v2\/pages\/5","targetHints":{"allow":["GET"]}}],"collection":[{"href":"https:\/\/www.aupaysdespiments.com\/en\/wp-json\/wp\/v2\/pages"}],"about":[{"href":"https:\/\/www.aupaysdespiments.com\/en\/wp-json\/wp\/v2\/types\/page"}],"author":[{"embeddable":true,"href":"https:\/\/www.aupaysdespiments.com\/en\/wp-json\/wp\/v2\/users\/1"}],"replies":[{"embeddable":true,"href":"https:\/\/www.aupaysdespiments.com\/en\/wp-json\/wp\/v2\/comments?post=5"}],"version-history":[{"count":5,"href":"https:\/\/www.aupaysdespiments.com\/en\/wp-json\/wp\/v2\/pages\/5\/revisions"}],"predecessor-version":[{"id":6271,"href":"https:\/\/www.aupaysdespiments.com\/en\/wp-json\/wp\/v2\/pages\/5\/revisions\/6271"}],"wp:attachment":[{"href":"https:\/\/www.aupaysdespiments.com\/en\/wp-json\/wp\/v2\/media?parent=5"}],"curies":[{"name":"wp","href":"https:\/\/api.w.org\/{rel}","templated":true}]}}