{"id":6207,"date":"2021-02-14T15:54:03","date_gmt":"2021-02-14T15:54:03","guid":{"rendered":"http:\/\/www.aupaysdespiments.com\/?page_id=6207"},"modified":"2021-02-15T10:14:02","modified_gmt":"2021-02-15T10:14:02","slug":"home","status":"publish","type":"page","link":"https:\/\/www.aupaysdespiments.com\/en\/home\/","title":{"rendered":"Home"},"content":{"rendered":"","protected":false},"excerpt":{"rendered":"","protected":false},"author":1,"featured_media":0,"parent":0,"menu_order":0,"comment_status":"closed","ping_status":"closed","template":"","meta":{"wprm-recipe-roundup-name":"","wprm-recipe-roundup-description":"","loftocean_post_format_gallery":"","loftocean_post_format_gallery_ids":"","loftocean_post_format_gallery_urls":"","loftocean_post_format_video_id":0,"loftocean_post_format_video_url":"","loftocean_post_format_video_type":"","loftocean_post_format_video":"","loftocean_post_format_audio_type":"","loftocean_post_format_audio_url":"","loftocean_post_format_audio_id":0,"loftocean_post_format_audio":"","loftocean-featured-post":"","loftocean-like-count":0,"loftocean-view-count":0,"footnotes":""},"class_list":["post-6207","page","type-page","status-publish","hentry"],"yoast_head":"<!-- This site is optimized with the Yoast SEO plugin v27.4 - https:\/\/yoast.com\/product\/yoast-seo-wordpress\/ -->\n<title>Home - Au pays des Piments<\/title>\n<meta name=\"description\" content=\"recettes de cuisine tha\u00eflandaise, blog de recettes authentiques thai d&#039;une expat en Tha\u00eflande. Curry, riz saut\u00e9, Tom Yam, pad thai\" \/>\n<meta name=\"robots\" content=\"index, follow, max-snippet:-1, max-image-preview:large, max-video-preview:-1\" \/>\n<link rel=\"canonical\" href=\"https:\/\/www.aupaysdespiments.com\/en\/home\/\" \/>\n<meta property=\"og:locale\" content=\"en_US\" \/>\n<meta property=\"og:type\" content=\"article\" \/>\n<meta property=\"og:title\" content=\"Home - Au pays des Piments\" \/>\n<meta property=\"og:description\" content=\"recettes de cuisine tha\u00eflandaise, blog de recettes authentiques thai d&#039;une expat en Tha\u00eflande. Curry, riz saut\u00e9, Tom Yam, pad thai\" \/>\n<meta property=\"og:url\" content=\"https:\/\/www.aupaysdespiments.com\/en\/home\/\" \/>\n<meta property=\"og:site_name\" content=\"Au pays des Piments\" \/>\n<meta property=\"article:publisher\" content=\"https:\/\/www.facebook.com\/aupaysdespiments\" \/>\n<meta property=\"article:modified_time\" content=\"2021-02-15T10:14:02+00:00\" \/>\n<script type=\"application\/ld+json\" class=\"yoast-schema-graph\">{\"@context\":\"https:\\\/\\\/schema.org\",\"@graph\":[{\"@type\":\"WebPage\",\"@id\":\"https:\\\/\\\/www.aupaysdespiments.com\\\/home\\\/\",\"url\":\"https:\\\/\\\/www.aupaysdespiments.com\\\/home\\\/\",\"name\":\"Home - Au pays des Piments\",\"isPartOf\":{\"@id\":\"https:\\\/\\\/www.aupaysdespiments.com\\\/#website\"},\"datePublished\":\"2021-02-14T15:54:03+00:00\",\"dateModified\":\"2021-02-15T10:14:02+00:00\",\"description\":\"recettes de cuisine tha\u00eflandaise, blog de recettes authentiques thai d'une expat en Tha\u00eflande. Curry, riz saut\u00e9, Tom Yam, pad thai\",\"inLanguage\":\"en-US\",\"potentialAction\":[{\"@type\":\"ReadAction\",\"target\":[\"https:\\\/\\\/www.aupaysdespiments.com\\\/home\\\/\"]}]},{\"@type\":\"WebSite\",\"@id\":\"https:\\\/\\\/www.aupaysdespiments.com\\\/#website\",\"url\":\"https:\\\/\\\/www.aupaysdespiments.com\\\/\",\"name\":\"Au pays des Piments\",\"description\":\"Blog de recettes de cuisine tha\u00efe et ma vie d&#039;expat en Asie\",\"publisher\":{\"@id\":\"https:\\\/\\\/www.aupaysdespiments.com\\\/#organization\"},\"potentialAction\":[{\"@type\":\"SearchAction\",\"target\":{\"@type\":\"EntryPoint\",\"urlTemplate\":\"https:\\\/\\\/www.aupaysdespiments.com\\\/?s={search_term_string}\"},\"query-input\":{\"@type\":\"PropertyValueSpecification\",\"valueRequired\":true,\"valueName\":\"search_term_string\"}}],\"inLanguage\":\"en-US\"},{\"@type\":\"Organization\",\"@id\":\"https:\\\/\\\/www.aupaysdespiments.com\\\/#organization\",\"name\":\"Au Pays des Piments\",\"url\":\"https:\\\/\\\/www.aupaysdespiments.com\\\/\",\"logo\":{\"@type\":\"ImageObject\",\"inLanguage\":\"en-US\",\"@id\":\"https:\\\/\\\/www.aupaysdespiments.com\\\/#\\\/schema\\\/logo\\\/image\\\/\",\"url\":\"https:\\\/\\\/www.aupaysdespiments.com\\\/wp-content\\\/uploads\\\/2021\\\/02\\\/cropped-logoyoutube2-4.png\",\"contentUrl\":\"https:\\\/\\\/www.aupaysdespiments.com\\\/wp-content\\\/uploads\\\/2021\\\/02\\\/cropped-logoyoutube2-4.png\",\"width\":586,\"height\":322,\"caption\":\"Au Pays des Piments\"},\"image\":{\"@id\":\"https:\\\/\\\/www.aupaysdespiments.com\\\/#\\\/schema\\\/logo\\\/image\\\/\"},\"sameAs\":[\"https:\\\/\\\/www.facebook.com\\\/aupaysdespiments\",\"https:\\\/\\\/www.instagram.com\\\/kris.aupaysdespiments\\\/\",\"https:\\\/\\\/pin.it\\\/6oQKy32\",\"https:\\\/\\\/www.youtube.com\\\/channel\\\/UCbwu30tsjoAo67UYXtCT6EA\"]}]}<\/script>\n<!-- \/ Yoast SEO plugin. -->","yoast_head_json":{"title":"Home - Au pays des Piments","description":"recettes de cuisine tha\u00eflandaise, blog de recettes authentiques thai d'une expat en Tha\u00eflande. Curry, riz saut\u00e9, Tom Yam, pad thai","robots":{"index":"index","follow":"follow","max-snippet":"max-snippet:-1","max-image-preview":"max-image-preview:large","max-video-preview":"max-video-preview:-1"},"canonical":"https:\/\/www.aupaysdespiments.com\/en\/home\/","og_locale":"en_US","og_type":"article","og_title":"Home - Au pays des Piments","og_description":"recettes de cuisine tha\u00eflandaise, blog de recettes authentiques thai d'une expat en Tha\u00eflande. Curry, riz saut\u00e9, Tom Yam, pad thai","og_url":"https:\/\/www.aupaysdespiments.com\/en\/home\/","og_site_name":"Au pays des Piments","article_publisher":"https:\/\/www.facebook.com\/aupaysdespiments","article_modified_time":"2021-02-15T10:14:02+00:00","schema":{"@context":"https:\/\/schema.org","@graph":[{"@type":"WebPage","@id":"https:\/\/www.aupaysdespiments.com\/home\/","url":"https:\/\/www.aupaysdespiments.com\/home\/","name":"Home - Au pays des Piments","isPartOf":{"@id":"https:\/\/www.aupaysdespiments.com\/#website"},"datePublished":"2021-02-14T15:54:03+00:00","dateModified":"2021-02-15T10:14:02+00:00","description":"recettes de cuisine tha\u00eflandaise, blog de recettes authentiques thai d'une expat en Tha\u00eflande. Curry, riz saut\u00e9, Tom Yam, pad thai","inLanguage":"en-US","potentialAction":[{"@type":"ReadAction","target":["https:\/\/www.aupaysdespiments.com\/home\/"]}]},{"@type":"WebSite","@id":"https:\/\/www.aupaysdespiments.com\/#website","url":"https:\/\/www.aupaysdespiments.com\/","name":"Au pays des Piments","description":"Thai Food Recipe Blog and my Expat Life in Asia","publisher":{"@id":"https:\/\/www.aupaysdespiments.com\/#organization"},"potentialAction":[{"@type":"SearchAction","target":{"@type":"EntryPoint","urlTemplate":"https:\/\/www.aupaysdespiments.com\/?s={search_term_string}"},"query-input":{"@type":"PropertyValueSpecification","valueRequired":true,"valueName":"search_term_string"}}],"inLanguage":"en-US"},{"@type":"Organization","@id":"https:\/\/www.aupaysdespiments.com\/#organization","name":"Au Pays des Piments","url":"https:\/\/www.aupaysdespiments.com\/","logo":{"@type":"ImageObject","inLanguage":"en-US","@id":"https:\/\/www.aupaysdespiments.com\/#\/schema\/logo\/image\/","url":"https:\/\/www.aupaysdespiments.com\/wp-content\/uploads\/2021\/02\/cropped-logoyoutube2-4.png","contentUrl":"https:\/\/www.aupaysdespiments.com\/wp-content\/uploads\/2021\/02\/cropped-logoyoutube2-4.png","width":586,"height":322,"caption":"Au Pays des Piments"},"image":{"@id":"https:\/\/www.aupaysdespiments.com\/#\/schema\/logo\/image\/"},"sameAs":["https:\/\/www.facebook.com\/aupaysdespiments","https:\/\/www.instagram.com\/kris.aupaysdespiments\/","https:\/\/pin.it\/6oQKy32","https:\/\/www.youtube.com\/channel\/UCbwu30tsjoAo67UYXtCT6EA"]}]}},"_links":{"self":[{"href":"https:\/\/www.aupaysdespiments.com\/en\/wp-json\/wp\/v2\/pages\/6207","targetHints":{"allow":["GET"]}}],"collection":[{"href":"https:\/\/www.aupaysdespiments.com\/en\/wp-json\/wp\/v2\/pages"}],"about":[{"href":"https:\/\/www.aupaysdespiments.com\/en\/wp-json\/wp\/v2\/types\/page"}],"author":[{"embeddable":true,"href":"https:\/\/www.aupaysdespiments.com\/en\/wp-json\/wp\/v2\/users\/1"}],"replies":[{"embeddable":true,"href":"https:\/\/www.aupaysdespiments.com\/en\/wp-json\/wp\/v2\/comments?post=6207"}],"version-history":[{"count":2,"href":"https:\/\/www.aupaysdespiments.com\/en\/wp-json\/wp\/v2\/pages\/6207\/revisions"}],"predecessor-version":[{"id":6751,"href":"https:\/\/www.aupaysdespiments.com\/en\/wp-json\/wp\/v2\/pages\/6207\/revisions\/6751"}],"wp:attachment":[{"href":"https:\/\/www.aupaysdespiments.com\/en\/wp-json\/wp\/v2\/media?parent=6207"}],"curies":[{"name":"wp","href":"https:\/\/api.w.org\/{rel}","templated":true}]}}